{"id":1173,"date":"2026-01-09T01:40:19","date_gmt":"2026-01-09T01:40:19","guid":{"rendered":"https:\/\/tienda.aurik3.com\/index.php\/producto\/locion-hidronutritiva\/"},"modified":"2026-01-09T01:40:19","modified_gmt":"2026-01-09T01:40:19","slug":"locion-hidronutritiva","status":"publish","type":"product","link":"https:\/\/tienda.aurik3.com\/index.php\/producto\/locion-hidronutritiva\/","title":{"rendered":"LOCI\u00d3N HIDRONUTRITIVA"},"content":{"rendered":"<p style=\"text-align:justify;\"><strong>LOCI\u00d3N HIDRONUTRITIVA<\/strong><\/p>\n<p style=\"text-align:justify;\">Las nuevas fragancias de la l\u00ednea Brillo Hidronutritivo, con Pantenol y&nbsp;Germen de Trigo, dejan tu cabello perfumado en cualquier momento del d\u00eda, facilitando el peinado sin efecto graso. Para todo tipo de Cabello. &nbsp;Presentaci\u00f3n de 65 mL.<\/p>\n<p style=\"text-align:justify;\">Perfuma el cabello naturalmente.<\/p>\n<p style=\"text-align:justify;\">Es un antioxidante natural por su contenido de extracto de germen de trigo&nbsp; &nbsp; &nbsp; &nbsp; &nbsp; &nbsp; &nbsp; &nbsp; &nbsp; &nbsp; &nbsp; &nbsp; &nbsp; &nbsp; &nbsp; &nbsp; &nbsp; &nbsp; &nbsp; &nbsp; &nbsp; &nbsp; &nbsp; &nbsp; &nbsp; &nbsp; &nbsp; &nbsp;&nbsp;<\/p>\n<p style=\"text-align:justify;\">Facilita el peinado.&nbsp;<\/p>\n<p style=\"text-align:justify;\">Sin efecto graso.<\/p>\n<p style=\"text-align:justify;\">Brillo y suavidad instant\u00e1neos.<\/p>\n<p style=\"text-align:justify;\">Con filtro UV.<\/p>\n<p style=\"text-align:justify;\">Hidratante.&nbsp; &nbsp; &nbsp; &nbsp; &nbsp; &nbsp; &nbsp; &nbsp; &nbsp; &nbsp; &nbsp; &nbsp; &nbsp; &nbsp; &nbsp; &nbsp; &nbsp;<\/p>\n<p>Fortalece y nutre el cabello.<br \/>Suaviza la cut\u00edcula de la fibra capilar.<\/p>\n<p style=\"text-align:justify;\">No contiene alcohol.<\/p>\n<p>Modo de uso:<br \/>Las frescas fragancias &nbsp;pueden ser utilizadas en todo momento del d\u00eda sobre la fibra capilar. Aplicarlo a una distancia pertinente para que pueda ser dispersado en todo el cabello, despu\u00e9s de un cepillado o &nbsp;en el &nbsp;cabello h\u00famedo o seco.Deja una agradable fragancia de frescura.<\/p>\n<p>3 Presentaciones:<\/p>\n<figure class=\"table\">\n<table>\n<tbody>\n<tr>\n<td>LOCION HIDRO NUTRITIVA&nbsp; VIOLET&nbsp;<\/td>\n<\/tr>\n<tr>\n<td>LOCION HIDRO NUTRITIVA&nbsp; ROSE<\/td>\n<\/tr>\n<tr>\n<td>LOCION HIDRO NUTRITIVA&nbsp; BLEU<\/td>\n<\/tr>\n<\/tbody>\n<\/table>\n<\/figure>\n","protected":false},"excerpt":{"rendered":"<p>LOCI\u00d3N HIDRONUTRITIVA Las nuevas fragancias de la l\u00ednea Brillo Hidronutritivo, con Pantenol y&nbsp;Germen de Trigo, dejan tu cabello perfumado en cualquier momento del d\u00eda, facilitando el peinado sin efecto graso. Para todo tipo de Cabello. &nbsp;Presentaci\u00f3n de 65 mL. Perfuma el cabello naturalmente. Es un antioxidante natural por su contenido de extracto de germen de&hellip;<\/p>\n","protected":false},"featured_media":1174,"comment_status":"open","ping_status":"closed","template":"","meta":[],"product_brand":[],"product_cat":[],"product_tag":[],"class_list":{"0":"post-1173","1":"product","2":"type-product","3":"status-publish","4":"has-post-thumbnail","7":"first","8":"instock","9":"shipping-taxable","10":"purchasable","11":"product-type-simple"},"yoast_head":"<!-- This site is optimized with the Yoast SEO plugin v26.7 - https:\/\/yoast.com\/wordpress\/plugins\/seo\/ -->\n<title>LOCI\u00d3N HIDRONUTRITIVA - Aurik3 Tienda<\/title>\n<meta name=\"robots\" content=\"index, follow, max-snippet:-1, max-image-preview:large, max-video-preview:-1\" \/>\n<link rel=\"canonical\" href=\"https:\/\/tienda.aurik3.com\/index.php\/producto\/locion-hidronutritiva\/\" \/>\n<meta property=\"og:locale\" content=\"es_ES\" \/>\n<meta property=\"og:type\" content=\"article\" \/>\n<meta property=\"og:title\" content=\"LOCI\u00d3N HIDRONUTRITIVA - Aurik3 Tienda\" \/>\n<meta property=\"og:description\" content=\"LOCI\u00d3N HIDRONUTRITIVA Las nuevas fragancias de la l\u00ednea Brillo Hidronutritivo, con Pantenol y&nbsp;Germen de Trigo, dejan tu cabello perfumado en cualquier momento del d\u00eda, facilitando el peinado sin efecto graso. Para todo tipo de Cabello. &nbsp;Presentaci\u00f3n de 65 mL. Perfuma el cabello naturalmente. Es un antioxidante natural por su contenido de extracto de germen de&hellip;\" \/>\n<meta property=\"og:url\" content=\"https:\/\/tienda.aurik3.com\/index.php\/producto\/locion-hidronutritiva\/\" \/>\n<meta property=\"og:site_name\" content=\"Aurik3 Tienda\" \/>\n<meta name=\"twitter:card\" content=\"summary_large_image\" \/>\n<meta name=\"twitter:label1\" content=\"Tiempo de lectura\" \/>\n\t<meta name=\"twitter:data1\" content=\"1 minuto\" \/>\n<script type=\"application\/ld+json\" class=\"yoast-schema-graph\">{\"@context\":\"https:\/\/schema.org\",\"@graph\":[{\"@type\":\"WebPage\",\"@id\":\"https:\/\/tienda.aurik3.com\/index.php\/producto\/locion-hidronutritiva\/\",\"url\":\"https:\/\/tienda.aurik3.com\/index.php\/producto\/locion-hidronutritiva\/\",\"name\":\"LOCI\u00d3N HIDRONUTRITIVA - Aurik3 Tienda\",\"isPartOf\":{\"@id\":\"https:\/\/tienda.aurik3.com\/#website\"},\"primaryImageOfPage\":{\"@id\":\"https:\/\/tienda.aurik3.com\/index.php\/producto\/locion-hidronutritiva\/#primaryimage\"},\"image\":{\"@id\":\"https:\/\/tienda.aurik3.com\/index.php\/producto\/locion-hidronutritiva\/#primaryimage\"},\"thumbnailUrl\":\"https:\/\/tienda.aurik3.com\/wp-content\/uploads\/2026\/01\/406.png\",\"datePublished\":\"2026-01-09T01:40:19+00:00\",\"breadcrumb\":{\"@id\":\"https:\/\/tienda.aurik3.com\/index.php\/producto\/locion-hidronutritiva\/#breadcrumb\"},\"inLanguage\":\"es\",\"potentialAction\":[{\"@type\":\"ReadAction\",\"target\":[\"https:\/\/tienda.aurik3.com\/index.php\/producto\/locion-hidronutritiva\/\"]}]},{\"@type\":\"ImageObject\",\"inLanguage\":\"es\",\"@id\":\"https:\/\/tienda.aurik3.com\/index.php\/producto\/locion-hidronutritiva\/#primaryimage\",\"url\":\"https:\/\/tienda.aurik3.com\/wp-content\/uploads\/2026\/01\/406.png\",\"contentUrl\":\"https:\/\/tienda.aurik3.com\/wp-content\/uploads\/2026\/01\/406.png\"},{\"@type\":\"BreadcrumbList\",\"@id\":\"https:\/\/tienda.aurik3.com\/index.php\/producto\/locion-hidronutritiva\/#breadcrumb\",\"itemListElement\":[{\"@type\":\"ListItem\",\"position\":1,\"name\":\"Portada\",\"item\":\"https:\/\/tienda.aurik3.com\/\"},{\"@type\":\"ListItem\",\"position\":2,\"name\":\"Shop\",\"item\":\"https:\/\/tienda.aurik3.com\/index.php\/shop\/\"},{\"@type\":\"ListItem\",\"position\":3,\"name\":\"LOCI\u00d3N HIDRONUTRITIVA\"}]},{\"@type\":\"WebSite\",\"@id\":\"https:\/\/tienda.aurik3.com\/#website\",\"url\":\"https:\/\/tienda.aurik3.com\/\",\"name\":\"Aurik3 Tienda\",\"description\":\"\",\"publisher\":{\"@id\":\"https:\/\/tienda.aurik3.com\/#organization\"},\"potentialAction\":[{\"@type\":\"SearchAction\",\"target\":{\"@type\":\"EntryPoint\",\"urlTemplate\":\"https:\/\/tienda.aurik3.com\/?s={search_term_string}\"},\"query-input\":{\"@type\":\"PropertyValueSpecification\",\"valueRequired\":true,\"valueName\":\"search_term_string\"}}],\"inLanguage\":\"es\"},{\"@type\":\"Organization\",\"@id\":\"https:\/\/tienda.aurik3.com\/#organization\",\"name\":\"Aurik3 Tienda\",\"url\":\"https:\/\/tienda.aurik3.com\/\",\"logo\":{\"@type\":\"ImageObject\",\"inLanguage\":\"es\",\"@id\":\"https:\/\/tienda.aurik3.com\/#\/schema\/logo\/image\/\",\"url\":\"https:\/\/tienda.aurik3.com\/wp-content\/uploads\/2024\/10\/envo-one-logo.png\",\"contentUrl\":\"https:\/\/tienda.aurik3.com\/wp-content\/uploads\/2024\/10\/envo-one-logo.png\",\"width\":122,\"height\":60,\"caption\":\"Aurik3 Tienda\"},\"image\":{\"@id\":\"https:\/\/tienda.aurik3.com\/#\/schema\/logo\/image\/\"}}]}<\/script>\n<!-- \/ Yoast SEO plugin. -->","yoast_head_json":{"title":"LOCI\u00d3N HIDRONUTRITIVA - Aurik3 Tienda","robots":{"index":"index","follow":"follow","max-snippet":"max-snippet:-1","max-image-preview":"max-image-preview:large","max-video-preview":"max-video-preview:-1"},"canonical":"https:\/\/tienda.aurik3.com\/index.php\/producto\/locion-hidronutritiva\/","og_locale":"es_ES","og_type":"article","og_title":"LOCI\u00d3N HIDRONUTRITIVA - Aurik3 Tienda","og_description":"LOCI\u00d3N HIDRONUTRITIVA Las nuevas fragancias de la l\u00ednea Brillo Hidronutritivo, con Pantenol y&nbsp;Germen de Trigo, dejan tu cabello perfumado en cualquier momento del d\u00eda, facilitando el peinado sin efecto graso. Para todo tipo de Cabello. &nbsp;Presentaci\u00f3n de 65 mL. Perfuma el cabello naturalmente. Es un antioxidante natural por su contenido de extracto de germen de&hellip;","og_url":"https:\/\/tienda.aurik3.com\/index.php\/producto\/locion-hidronutritiva\/","og_site_name":"Aurik3 Tienda","twitter_card":"summary_large_image","twitter_misc":{"Tiempo de lectura":"1 minuto"},"schema":{"@context":"https:\/\/schema.org","@graph":[{"@type":"WebPage","@id":"https:\/\/tienda.aurik3.com\/index.php\/producto\/locion-hidronutritiva\/","url":"https:\/\/tienda.aurik3.com\/index.php\/producto\/locion-hidronutritiva\/","name":"LOCI\u00d3N HIDRONUTRITIVA - Aurik3 Tienda","isPartOf":{"@id":"https:\/\/tienda.aurik3.com\/#website"},"primaryImageOfPage":{"@id":"https:\/\/tienda.aurik3.com\/index.php\/producto\/locion-hidronutritiva\/#primaryimage"},"image":{"@id":"https:\/\/tienda.aurik3.com\/index.php\/producto\/locion-hidronutritiva\/#primaryimage"},"thumbnailUrl":"https:\/\/tienda.aurik3.com\/wp-content\/uploads\/2026\/01\/406.png","datePublished":"2026-01-09T01:40:19+00:00","breadcrumb":{"@id":"https:\/\/tienda.aurik3.com\/index.php\/producto\/locion-hidronutritiva\/#breadcrumb"},"inLanguage":"es","potentialAction":[{"@type":"ReadAction","target":["https:\/\/tienda.aurik3.com\/index.php\/producto\/locion-hidronutritiva\/"]}]},{"@type":"ImageObject","inLanguage":"es","@id":"https:\/\/tienda.aurik3.com\/index.php\/producto\/locion-hidronutritiva\/#primaryimage","url":"https:\/\/tienda.aurik3.com\/wp-content\/uploads\/2026\/01\/406.png","contentUrl":"https:\/\/tienda.aurik3.com\/wp-content\/uploads\/2026\/01\/406.png"},{"@type":"BreadcrumbList","@id":"https:\/\/tienda.aurik3.com\/index.php\/producto\/locion-hidronutritiva\/#breadcrumb","itemListElement":[{"@type":"ListItem","position":1,"name":"Portada","item":"https:\/\/tienda.aurik3.com\/"},{"@type":"ListItem","position":2,"name":"Shop","item":"https:\/\/tienda.aurik3.com\/index.php\/shop\/"},{"@type":"ListItem","position":3,"name":"LOCI\u00d3N HIDRONUTRITIVA"}]},{"@type":"WebSite","@id":"https:\/\/tienda.aurik3.com\/#website","url":"https:\/\/tienda.aurik3.com\/","name":"Aurik3 Tienda","description":"","publisher":{"@id":"https:\/\/tienda.aurik3.com\/#organization"},"potentialAction":[{"@type":"SearchAction","target":{"@type":"EntryPoint","urlTemplate":"https:\/\/tienda.aurik3.com\/?s={search_term_string}"},"query-input":{"@type":"PropertyValueSpecification","valueRequired":true,"valueName":"search_term_string"}}],"inLanguage":"es"},{"@type":"Organization","@id":"https:\/\/tienda.aurik3.com\/#organization","name":"Aurik3 Tienda","url":"https:\/\/tienda.aurik3.com\/","logo":{"@type":"ImageObject","inLanguage":"es","@id":"https:\/\/tienda.aurik3.com\/#\/schema\/logo\/image\/","url":"https:\/\/tienda.aurik3.com\/wp-content\/uploads\/2024\/10\/envo-one-logo.png","contentUrl":"https:\/\/tienda.aurik3.com\/wp-content\/uploads\/2024\/10\/envo-one-logo.png","width":122,"height":60,"caption":"Aurik3 Tienda"},"image":{"@id":"https:\/\/tienda.aurik3.com\/#\/schema\/logo\/image\/"}}]}},"jetpack_sharing_enabled":true,"_links":{"self":[{"href":"https:\/\/tienda.aurik3.com\/index.php\/wp-json\/wp\/v2\/product\/1173","targetHints":{"allow":["GET"]}}],"collection":[{"href":"https:\/\/tienda.aurik3.com\/index.php\/wp-json\/wp\/v2\/product"}],"about":[{"href":"https:\/\/tienda.aurik3.com\/index.php\/wp-json\/wp\/v2\/types\/product"}],"replies":[{"embeddable":true,"href":"https:\/\/tienda.aurik3.com\/index.php\/wp-json\/wp\/v2\/comments?post=1173"}],"wp:featuredmedia":[{"embeddable":true,"href":"https:\/\/tienda.aurik3.com\/index.php\/wp-json\/wp\/v2\/media\/1174"}],"wp:attachment":[{"href":"https:\/\/tienda.aurik3.com\/index.php\/wp-json\/wp\/v2\/media?parent=1173"}],"wp:term":[{"taxonomy":"product_brand","embeddable":true,"href":"https:\/\/tienda.aurik3.com\/index.php\/wp-json\/wp\/v2\/product_brand?post=1173"},{"taxonomy":"product_cat","embeddable":true,"href":"https:\/\/tienda.aurik3.com\/index.php\/wp-json\/wp\/v2\/product_cat?post=1173"},{"taxonomy":"product_tag","embeddable":true,"href":"https:\/\/tienda.aurik3.com\/index.php\/wp-json\/wp\/v2\/product_tag?post=1173"}],"curies":[{"name":"wp","href":"https:\/\/api.w.org\/{rel}","templated":true}]}}