{"id":1141,"date":"2026-01-09T01:40:15","date_gmt":"2026-01-09T01:40:15","guid":{"rendered":"https:\/\/tienda.aurik3.com\/index.php\/producto\/dispensador-crema-dental-porta-cepillos\/"},"modified":"2026-01-09T01:40:15","modified_gmt":"2026-01-09T01:40:15","slug":"dispensador-crema-dental-porta-cepillos","status":"publish","type":"product","link":"https:\/\/tienda.aurik3.com\/index.php\/producto\/dispensador-crema-dental-porta-cepillos\/","title":{"rendered":"Dispensador Crema Dental Porta Cepillos"},"content":{"rendered":"<p>No desperdicies m\u00e1s tu pasta dental, ocupa solo la cantidad necesaria con el nuevo dispensador de pasta dental. Dise\u00f1ado para darte la cantidad que necesitas en cada cepillado.<br \/>Te permite tener tu pasta en un lugar bien ubicado y al alcance tu mano, para f\u00e1cil y r\u00e1pido acceso. Ahorra tiempo al no buscar la pasta por todo el ba\u00f1o, en un s\u00f3lo lugar te acostumbrar\u00e1s a ir directamente a ella. Tama\u00f1o perfecto para que lo instales en cualquier parte sin ocupar mucho espacio.<br \/>Su porta cepillos te permite tener hasta 5 cepillos al mismo tiempo. El porta cepillo mantiene los cepillos lejos del piso y las bacterias, manteniendolos siempre limpios y saludables. F\u00e1cil de instalar, solo saque la tapa de la pasta de dientes e inserte en la entrada de succi\u00f3n. Coloque el adhesivo en la superficie en la que va ser colocada ejerciendo presi\u00f3n en ambos lados para una mayor rigidez.<br \/>CARACTER\u00cdSTICAS:<br \/>\u2022<br \/>\u2022 Color: Blanco.<br \/>\u2022 Porta cepillo con capacidad de hasta 5 cepillos.<br \/>\u2022 Medidas del dispensador: 15,5(Alto) * 5,8(Ancho)* 5,8(Largo) cm.<br \/>\u2022 Medidas del porta cepillo: 5(Alto) * 3,5(Ancho) * 11(Largo) cm.<br \/>\u2022 Material: pl\u00e1stico.<\/p>\n<p>GARANT\u00cdAS QUE APLICAN&nbsp;<\/p>\n<ol>\n<li>PEDIDO INCOMPLETO<\/li>\n<li>PRODUCTO ROTO<\/li>\n<li>PRODUCTO DIFERENTE A LO QUE PIDI\u00d3<\/li>\n<li>UNA VEZ&nbsp; LLEGUE EL PRODUCTO POR &nbsp;REVISAR QUE&nbsp;EST\u00c9 EN BUEN ESTADO, QUE FUNCIONE Y QUE SI SEA EL PRODUCTO QUE SE PIDI\u00d3, NUESTROS PRODUCTOS SOLO CUENTAN CON 10 DIAS DE GARANTIA.<\/li>\n<\/ol>\n<p>GARANT\u00cdAS QUE NO APLICAN&nbsp;<\/p>\n<ol>\n<li>MAL FUNCIONAMIENTO DEL PRODUCTO<\/li>\n<li>ORDEN DIFERENTE<\/li>\n<li>DESPU\u00c9S 10 D\u00cdAS NO CUBRIMOS CON GARANT\u00cdAS<\/li>\n<\/ol>\n<p>&nbsp;<\/p>\n","protected":false},"excerpt":{"rendered":"<p>No desperdicies m\u00e1s tu pasta dental, ocupa solo la cantidad necesaria con el nuevo dispensador de pasta dental. Dise\u00f1ado para darte la cantidad que necesitas en cada cepillado.Te permite tener tu pasta en un lugar bien ubicado y al alcance tu mano, para f\u00e1cil y r\u00e1pido acceso. Ahorra tiempo al no buscar la pasta por&hellip;<\/p>\n","protected":false},"featured_media":1142,"comment_status":"open","ping_status":"closed","template":"","meta":[],"product_brand":[],"product_cat":[34],"product_tag":[],"class_list":{"0":"post-1141","1":"product","2":"type-product","3":"status-publish","4":"has-post-thumbnail","6":"product_cat-moda","8":"first","9":"instock","10":"shipping-taxable","11":"purchasable","12":"product-type-simple"},"yoast_head":"<!-- This site is optimized with the Yoast SEO plugin v26.7 - https:\/\/yoast.com\/wordpress\/plugins\/seo\/ -->\n<title>Dispensador Crema Dental Porta Cepillos - Aurik3 Tienda<\/title>\n<meta name=\"robots\" content=\"index, follow, max-snippet:-1, max-image-preview:large, max-video-preview:-1\" \/>\n<link rel=\"canonical\" href=\"https:\/\/tienda.aurik3.com\/index.php\/producto\/dispensador-crema-dental-porta-cepillos\/\" \/>\n<meta property=\"og:locale\" content=\"es_ES\" \/>\n<meta property=\"og:type\" content=\"article\" \/>\n<meta property=\"og:title\" content=\"Dispensador Crema Dental Porta Cepillos - Aurik3 Tienda\" \/>\n<meta property=\"og:description\" content=\"No desperdicies m\u00e1s tu pasta dental, ocupa solo la cantidad necesaria con el nuevo dispensador de pasta dental. Dise\u00f1ado para darte la cantidad que necesitas en cada cepillado.Te permite tener tu pasta en un lugar bien ubicado y al alcance tu mano, para f\u00e1cil y r\u00e1pido acceso. Ahorra tiempo al no buscar la pasta por&hellip;\" \/>\n<meta property=\"og:url\" content=\"https:\/\/tienda.aurik3.com\/index.php\/producto\/dispensador-crema-dental-porta-cepillos\/\" \/>\n<meta property=\"og:site_name\" content=\"Aurik3 Tienda\" \/>\n<meta name=\"twitter:card\" content=\"summary_large_image\" \/>\n<meta name=\"twitter:label1\" content=\"Tiempo de lectura\" \/>\n\t<meta name=\"twitter:data1\" content=\"1 minuto\" \/>\n<script type=\"application\/ld+json\" class=\"yoast-schema-graph\">{\"@context\":\"https:\/\/schema.org\",\"@graph\":[{\"@type\":\"WebPage\",\"@id\":\"https:\/\/tienda.aurik3.com\/index.php\/producto\/dispensador-crema-dental-porta-cepillos\/\",\"url\":\"https:\/\/tienda.aurik3.com\/index.php\/producto\/dispensador-crema-dental-porta-cepillos\/\",\"name\":\"Dispensador Crema Dental Porta Cepillos - Aurik3 Tienda\",\"isPartOf\":{\"@id\":\"https:\/\/tienda.aurik3.com\/#website\"},\"primaryImageOfPage\":{\"@id\":\"https:\/\/tienda.aurik3.com\/index.php\/producto\/dispensador-crema-dental-porta-cepillos\/#primaryimage\"},\"image\":{\"@id\":\"https:\/\/tienda.aurik3.com\/index.php\/producto\/dispensador-crema-dental-porta-cepillos\/#primaryimage\"},\"thumbnailUrl\":\"https:\/\/tienda.aurik3.com\/wp-content\/uploads\/2026\/01\/1254083.png\",\"datePublished\":\"2026-01-09T01:40:15+00:00\",\"breadcrumb\":{\"@id\":\"https:\/\/tienda.aurik3.com\/index.php\/producto\/dispensador-crema-dental-porta-cepillos\/#breadcrumb\"},\"inLanguage\":\"es\",\"potentialAction\":[{\"@type\":\"ReadAction\",\"target\":[\"https:\/\/tienda.aurik3.com\/index.php\/producto\/dispensador-crema-dental-porta-cepillos\/\"]}]},{\"@type\":\"ImageObject\",\"inLanguage\":\"es\",\"@id\":\"https:\/\/tienda.aurik3.com\/index.php\/producto\/dispensador-crema-dental-porta-cepillos\/#primaryimage\",\"url\":\"https:\/\/tienda.aurik3.com\/wp-content\/uploads\/2026\/01\/1254083.png\",\"contentUrl\":\"https:\/\/tienda.aurik3.com\/wp-content\/uploads\/2026\/01\/1254083.png\"},{\"@type\":\"BreadcrumbList\",\"@id\":\"https:\/\/tienda.aurik3.com\/index.php\/producto\/dispensador-crema-dental-porta-cepillos\/#breadcrumb\",\"itemListElement\":[{\"@type\":\"ListItem\",\"position\":1,\"name\":\"Portada\",\"item\":\"https:\/\/tienda.aurik3.com\/\"},{\"@type\":\"ListItem\",\"position\":2,\"name\":\"Shop\",\"item\":\"https:\/\/tienda.aurik3.com\/index.php\/shop\/\"},{\"@type\":\"ListItem\",\"position\":3,\"name\":\"Dispensador Crema Dental Porta Cepillos\"}]},{\"@type\":\"WebSite\",\"@id\":\"https:\/\/tienda.aurik3.com\/#website\",\"url\":\"https:\/\/tienda.aurik3.com\/\",\"name\":\"Aurik3 Tienda\",\"description\":\"\",\"publisher\":{\"@id\":\"https:\/\/tienda.aurik3.com\/#organization\"},\"potentialAction\":[{\"@type\":\"SearchAction\",\"target\":{\"@type\":\"EntryPoint\",\"urlTemplate\":\"https:\/\/tienda.aurik3.com\/?s={search_term_string}\"},\"query-input\":{\"@type\":\"PropertyValueSpecification\",\"valueRequired\":true,\"valueName\":\"search_term_string\"}}],\"inLanguage\":\"es\"},{\"@type\":\"Organization\",\"@id\":\"https:\/\/tienda.aurik3.com\/#organization\",\"name\":\"Aurik3 Tienda\",\"url\":\"https:\/\/tienda.aurik3.com\/\",\"logo\":{\"@type\":\"ImageObject\",\"inLanguage\":\"es\",\"@id\":\"https:\/\/tienda.aurik3.com\/#\/schema\/logo\/image\/\",\"url\":\"https:\/\/tienda.aurik3.com\/wp-content\/uploads\/2024\/10\/envo-one-logo.png\",\"contentUrl\":\"https:\/\/tienda.aurik3.com\/wp-content\/uploads\/2024\/10\/envo-one-logo.png\",\"width\":122,\"height\":60,\"caption\":\"Aurik3 Tienda\"},\"image\":{\"@id\":\"https:\/\/tienda.aurik3.com\/#\/schema\/logo\/image\/\"}}]}<\/script>\n<!-- \/ Yoast SEO plugin. -->","yoast_head_json":{"title":"Dispensador Crema Dental Porta Cepillos - Aurik3 Tienda","robots":{"index":"index","follow":"follow","max-snippet":"max-snippet:-1","max-image-preview":"max-image-preview:large","max-video-preview":"max-video-preview:-1"},"canonical":"https:\/\/tienda.aurik3.com\/index.php\/producto\/dispensador-crema-dental-porta-cepillos\/","og_locale":"es_ES","og_type":"article","og_title":"Dispensador Crema Dental Porta Cepillos - Aurik3 Tienda","og_description":"No desperdicies m\u00e1s tu pasta dental, ocupa solo la cantidad necesaria con el nuevo dispensador de pasta dental. Dise\u00f1ado para darte la cantidad que necesitas en cada cepillado.Te permite tener tu pasta en un lugar bien ubicado y al alcance tu mano, para f\u00e1cil y r\u00e1pido acceso. Ahorra tiempo al no buscar la pasta por&hellip;","og_url":"https:\/\/tienda.aurik3.com\/index.php\/producto\/dispensador-crema-dental-porta-cepillos\/","og_site_name":"Aurik3 Tienda","twitter_card":"summary_large_image","twitter_misc":{"Tiempo de lectura":"1 minuto"},"schema":{"@context":"https:\/\/schema.org","@graph":[{"@type":"WebPage","@id":"https:\/\/tienda.aurik3.com\/index.php\/producto\/dispensador-crema-dental-porta-cepillos\/","url":"https:\/\/tienda.aurik3.com\/index.php\/producto\/dispensador-crema-dental-porta-cepillos\/","name":"Dispensador Crema Dental Porta Cepillos - Aurik3 Tienda","isPartOf":{"@id":"https:\/\/tienda.aurik3.com\/#website"},"primaryImageOfPage":{"@id":"https:\/\/tienda.aurik3.com\/index.php\/producto\/dispensador-crema-dental-porta-cepillos\/#primaryimage"},"image":{"@id":"https:\/\/tienda.aurik3.com\/index.php\/producto\/dispensador-crema-dental-porta-cepillos\/#primaryimage"},"thumbnailUrl":"https:\/\/tienda.aurik3.com\/wp-content\/uploads\/2026\/01\/1254083.png","datePublished":"2026-01-09T01:40:15+00:00","breadcrumb":{"@id":"https:\/\/tienda.aurik3.com\/index.php\/producto\/dispensador-crema-dental-porta-cepillos\/#breadcrumb"},"inLanguage":"es","potentialAction":[{"@type":"ReadAction","target":["https:\/\/tienda.aurik3.com\/index.php\/producto\/dispensador-crema-dental-porta-cepillos\/"]}]},{"@type":"ImageObject","inLanguage":"es","@id":"https:\/\/tienda.aurik3.com\/index.php\/producto\/dispensador-crema-dental-porta-cepillos\/#primaryimage","url":"https:\/\/tienda.aurik3.com\/wp-content\/uploads\/2026\/01\/1254083.png","contentUrl":"https:\/\/tienda.aurik3.com\/wp-content\/uploads\/2026\/01\/1254083.png"},{"@type":"BreadcrumbList","@id":"https:\/\/tienda.aurik3.com\/index.php\/producto\/dispensador-crema-dental-porta-cepillos\/#breadcrumb","itemListElement":[{"@type":"ListItem","position":1,"name":"Portada","item":"https:\/\/tienda.aurik3.com\/"},{"@type":"ListItem","position":2,"name":"Shop","item":"https:\/\/tienda.aurik3.com\/index.php\/shop\/"},{"@type":"ListItem","position":3,"name":"Dispensador Crema Dental Porta Cepillos"}]},{"@type":"WebSite","@id":"https:\/\/tienda.aurik3.com\/#website","url":"https:\/\/tienda.aurik3.com\/","name":"Aurik3 Tienda","description":"","publisher":{"@id":"https:\/\/tienda.aurik3.com\/#organization"},"potentialAction":[{"@type":"SearchAction","target":{"@type":"EntryPoint","urlTemplate":"https:\/\/tienda.aurik3.com\/?s={search_term_string}"},"query-input":{"@type":"PropertyValueSpecification","valueRequired":true,"valueName":"search_term_string"}}],"inLanguage":"es"},{"@type":"Organization","@id":"https:\/\/tienda.aurik3.com\/#organization","name":"Aurik3 Tienda","url":"https:\/\/tienda.aurik3.com\/","logo":{"@type":"ImageObject","inLanguage":"es","@id":"https:\/\/tienda.aurik3.com\/#\/schema\/logo\/image\/","url":"https:\/\/tienda.aurik3.com\/wp-content\/uploads\/2024\/10\/envo-one-logo.png","contentUrl":"https:\/\/tienda.aurik3.com\/wp-content\/uploads\/2024\/10\/envo-one-logo.png","width":122,"height":60,"caption":"Aurik3 Tienda"},"image":{"@id":"https:\/\/tienda.aurik3.com\/#\/schema\/logo\/image\/"}}]}},"jetpack_sharing_enabled":true,"_links":{"self":[{"href":"https:\/\/tienda.aurik3.com\/index.php\/wp-json\/wp\/v2\/product\/1141","targetHints":{"allow":["GET"]}}],"collection":[{"href":"https:\/\/tienda.aurik3.com\/index.php\/wp-json\/wp\/v2\/product"}],"about":[{"href":"https:\/\/tienda.aurik3.com\/index.php\/wp-json\/wp\/v2\/types\/product"}],"replies":[{"embeddable":true,"href":"https:\/\/tienda.aurik3.com\/index.php\/wp-json\/wp\/v2\/comments?post=1141"}],"wp:featuredmedia":[{"embeddable":true,"href":"https:\/\/tienda.aurik3.com\/index.php\/wp-json\/wp\/v2\/media\/1142"}],"wp:attachment":[{"href":"https:\/\/tienda.aurik3.com\/index.php\/wp-json\/wp\/v2\/media?parent=1141"}],"wp:term":[{"taxonomy":"product_brand","embeddable":true,"href":"https:\/\/tienda.aurik3.com\/index.php\/wp-json\/wp\/v2\/product_brand?post=1141"},{"taxonomy":"product_cat","embeddable":true,"href":"https:\/\/tienda.aurik3.com\/index.php\/wp-json\/wp\/v2\/product_cat?post=1141"},{"taxonomy":"product_tag","embeddable":true,"href":"https:\/\/tienda.aurik3.com\/index.php\/wp-json\/wp\/v2\/product_tag?post=1141"}],"curies":[{"name":"wp","href":"https:\/\/api.w.org\/{rel}","templated":true}]}}