{"id":1129,"date":"2026-01-09T01:40:13","date_gmt":"2026-01-09T01:40:13","guid":{"rendered":"https:\/\/tienda.aurik3.com\/index.php\/producto\/afilador-de-cuchillos-tijera-acero-mango\/"},"modified":"2026-01-09T01:40:13","modified_gmt":"2026-01-09T01:40:13","slug":"afilador-de-cuchillos-tijera-acero-mango","status":"publish","type":"product","link":"https:\/\/tienda.aurik3.com\/index.php\/producto\/afilador-de-cuchillos-tijera-acero-mango\/","title":{"rendered":"Afilador De Cuchillos Tijera Acero Mango"},"content":{"rendered":"<p>El Afilador De Cuchillos Pro Multifuncional con Mango Ergon\u00f3mico en color Negro es una herramienta de nueva generaci\u00f3n para mantener tus cuchillos en perfecto estado. Cuenta con un sistema de 3 ranuras: la primera varilla de afilado de diamante repara y endereza las cuchillas da\u00f1adas, la segunda ranura se afile para restaurar su forma de V y la tercera ranura se afina para un pulido limpio.<br \/>&nbsp;<\/p>\n<p>GARANT\u00cdAS QUE APLICAN&nbsp;<\/p>\n<ol>\n<li>PEDIDO INCOMPLETO<\/li>\n<li>PRODUCTO ROTO<\/li>\n<li>PRODUCTO DIFERENTE A LO QUE PIDI\u00d3<\/li>\n<li>UNA VEZ&nbsp; LLEGUE EL PRODUCTO POR &nbsp;REVISAR QUE&nbsp;EST\u00c9 EN BUEN ESTADO, QUE FUNCIONE Y QUE SI SEA EL PRODUCTO QUE SE PIDI\u00d3, NUESTROS PRODUCTOS SOLO CUENTAN CON 10 DIAS DE GARANTIA.<\/li>\n<\/ol>\n<p>GARANT\u00cdAS QUE NO APLICAN&nbsp;<\/p>\n<ol>\n<li>MAL FUNCIONAMIENTO DEL PRODUCTO<\/li>\n<li>ORDEN DIFERENTE<\/li>\n<li>DESPU\u00c9S 10 D\u00cdAS NO CUBRIMOS CON GARANT\u00cdAS<\/li>\n<\/ol>\n<p>&nbsp;<\/p>\n","protected":false},"excerpt":{"rendered":"<p>El Afilador De Cuchillos Pro Multifuncional con Mango Ergon\u00f3mico en color Negro es una herramienta de nueva generaci\u00f3n para mantener tus cuchillos en perfecto estado. Cuenta con un sistema de 3 ranuras: la primera varilla de afilado de diamante repara y endereza las cuchillas da\u00f1adas, la segunda ranura se afile para restaurar su forma de&hellip;<\/p>\n","protected":false},"featured_media":1130,"comment_status":"open","ping_status":"closed","template":"","meta":[],"product_brand":[],"product_cat":[32],"product_tag":[],"class_list":{"0":"post-1129","1":"product","2":"type-product","3":"status-publish","4":"has-post-thumbnail","6":"product_cat-cocina","8":"first","9":"instock","10":"shipping-taxable","11":"purchasable","12":"product-type-simple"},"yoast_head":"<!-- This site is optimized with the Yoast SEO plugin v26.7 - https:\/\/yoast.com\/wordpress\/plugins\/seo\/ -->\n<title>Afilador De Cuchillos Tijera Acero Mango - Aurik3 Tienda<\/title>\n<meta name=\"robots\" content=\"index, follow, max-snippet:-1, max-image-preview:large, max-video-preview:-1\" \/>\n<link rel=\"canonical\" href=\"https:\/\/tienda.aurik3.com\/index.php\/producto\/afilador-de-cuchillos-tijera-acero-mango\/\" \/>\n<meta property=\"og:locale\" content=\"es_ES\" \/>\n<meta property=\"og:type\" content=\"article\" \/>\n<meta property=\"og:title\" content=\"Afilador De Cuchillos Tijera Acero Mango - Aurik3 Tienda\" \/>\n<meta property=\"og:description\" content=\"El Afilador De Cuchillos Pro Multifuncional con Mango Ergon\u00f3mico en color Negro es una herramienta de nueva generaci\u00f3n para mantener tus cuchillos en perfecto estado. Cuenta con un sistema de 3 ranuras: la primera varilla de afilado de diamante repara y endereza las cuchillas da\u00f1adas, la segunda ranura se afile para restaurar su forma de&hellip;\" \/>\n<meta property=\"og:url\" content=\"https:\/\/tienda.aurik3.com\/index.php\/producto\/afilador-de-cuchillos-tijera-acero-mango\/\" \/>\n<meta property=\"og:site_name\" content=\"Aurik3 Tienda\" \/>\n<meta name=\"twitter:card\" content=\"summary_large_image\" \/>\n<meta name=\"twitter:label1\" content=\"Tiempo de lectura\" \/>\n\t<meta name=\"twitter:data1\" content=\"1 minuto\" \/>\n<script type=\"application\/ld+json\" class=\"yoast-schema-graph\">{\"@context\":\"https:\/\/schema.org\",\"@graph\":[{\"@type\":\"WebPage\",\"@id\":\"https:\/\/tienda.aurik3.com\/index.php\/producto\/afilador-de-cuchillos-tijera-acero-mango\/\",\"url\":\"https:\/\/tienda.aurik3.com\/index.php\/producto\/afilador-de-cuchillos-tijera-acero-mango\/\",\"name\":\"Afilador De Cuchillos Tijera Acero Mango - Aurik3 Tienda\",\"isPartOf\":{\"@id\":\"https:\/\/tienda.aurik3.com\/#website\"},\"primaryImageOfPage\":{\"@id\":\"https:\/\/tienda.aurik3.com\/index.php\/producto\/afilador-de-cuchillos-tijera-acero-mango\/#primaryimage\"},\"image\":{\"@id\":\"https:\/\/tienda.aurik3.com\/index.php\/producto\/afilador-de-cuchillos-tijera-acero-mango\/#primaryimage\"},\"thumbnailUrl\":\"https:\/\/tienda.aurik3.com\/wp-content\/uploads\/2026\/01\/1385223.png\",\"datePublished\":\"2026-01-09T01:40:13+00:00\",\"breadcrumb\":{\"@id\":\"https:\/\/tienda.aurik3.com\/index.php\/producto\/afilador-de-cuchillos-tijera-acero-mango\/#breadcrumb\"},\"inLanguage\":\"es\",\"potentialAction\":[{\"@type\":\"ReadAction\",\"target\":[\"https:\/\/tienda.aurik3.com\/index.php\/producto\/afilador-de-cuchillos-tijera-acero-mango\/\"]}]},{\"@type\":\"ImageObject\",\"inLanguage\":\"es\",\"@id\":\"https:\/\/tienda.aurik3.com\/index.php\/producto\/afilador-de-cuchillos-tijera-acero-mango\/#primaryimage\",\"url\":\"https:\/\/tienda.aurik3.com\/wp-content\/uploads\/2026\/01\/1385223.png\",\"contentUrl\":\"https:\/\/tienda.aurik3.com\/wp-content\/uploads\/2026\/01\/1385223.png\"},{\"@type\":\"BreadcrumbList\",\"@id\":\"https:\/\/tienda.aurik3.com\/index.php\/producto\/afilador-de-cuchillos-tijera-acero-mango\/#breadcrumb\",\"itemListElement\":[{\"@type\":\"ListItem\",\"position\":1,\"name\":\"Portada\",\"item\":\"https:\/\/tienda.aurik3.com\/\"},{\"@type\":\"ListItem\",\"position\":2,\"name\":\"Shop\",\"item\":\"https:\/\/tienda.aurik3.com\/index.php\/shop\/\"},{\"@type\":\"ListItem\",\"position\":3,\"name\":\"Afilador De Cuchillos Tijera Acero Mango\"}]},{\"@type\":\"WebSite\",\"@id\":\"https:\/\/tienda.aurik3.com\/#website\",\"url\":\"https:\/\/tienda.aurik3.com\/\",\"name\":\"Aurik3 Tienda\",\"description\":\"\",\"publisher\":{\"@id\":\"https:\/\/tienda.aurik3.com\/#organization\"},\"potentialAction\":[{\"@type\":\"SearchAction\",\"target\":{\"@type\":\"EntryPoint\",\"urlTemplate\":\"https:\/\/tienda.aurik3.com\/?s={search_term_string}\"},\"query-input\":{\"@type\":\"PropertyValueSpecification\",\"valueRequired\":true,\"valueName\":\"search_term_string\"}}],\"inLanguage\":\"es\"},{\"@type\":\"Organization\",\"@id\":\"https:\/\/tienda.aurik3.com\/#organization\",\"name\":\"Aurik3 Tienda\",\"url\":\"https:\/\/tienda.aurik3.com\/\",\"logo\":{\"@type\":\"ImageObject\",\"inLanguage\":\"es\",\"@id\":\"https:\/\/tienda.aurik3.com\/#\/schema\/logo\/image\/\",\"url\":\"https:\/\/tienda.aurik3.com\/wp-content\/uploads\/2024\/10\/envo-one-logo.png\",\"contentUrl\":\"https:\/\/tienda.aurik3.com\/wp-content\/uploads\/2024\/10\/envo-one-logo.png\",\"width\":122,\"height\":60,\"caption\":\"Aurik3 Tienda\"},\"image\":{\"@id\":\"https:\/\/tienda.aurik3.com\/#\/schema\/logo\/image\/\"}}]}<\/script>\n<!-- \/ Yoast SEO plugin. -->","yoast_head_json":{"title":"Afilador De Cuchillos Tijera Acero Mango - Aurik3 Tienda","robots":{"index":"index","follow":"follow","max-snippet":"max-snippet:-1","max-image-preview":"max-image-preview:large","max-video-preview":"max-video-preview:-1"},"canonical":"https:\/\/tienda.aurik3.com\/index.php\/producto\/afilador-de-cuchillos-tijera-acero-mango\/","og_locale":"es_ES","og_type":"article","og_title":"Afilador De Cuchillos Tijera Acero Mango - Aurik3 Tienda","og_description":"El Afilador De Cuchillos Pro Multifuncional con Mango Ergon\u00f3mico en color Negro es una herramienta de nueva generaci\u00f3n para mantener tus cuchillos en perfecto estado. Cuenta con un sistema de 3 ranuras: la primera varilla de afilado de diamante repara y endereza las cuchillas da\u00f1adas, la segunda ranura se afile para restaurar su forma de&hellip;","og_url":"https:\/\/tienda.aurik3.com\/index.php\/producto\/afilador-de-cuchillos-tijera-acero-mango\/","og_site_name":"Aurik3 Tienda","twitter_card":"summary_large_image","twitter_misc":{"Tiempo de lectura":"1 minuto"},"schema":{"@context":"https:\/\/schema.org","@graph":[{"@type":"WebPage","@id":"https:\/\/tienda.aurik3.com\/index.php\/producto\/afilador-de-cuchillos-tijera-acero-mango\/","url":"https:\/\/tienda.aurik3.com\/index.php\/producto\/afilador-de-cuchillos-tijera-acero-mango\/","name":"Afilador De Cuchillos Tijera Acero Mango - Aurik3 Tienda","isPartOf":{"@id":"https:\/\/tienda.aurik3.com\/#website"},"primaryImageOfPage":{"@id":"https:\/\/tienda.aurik3.com\/index.php\/producto\/afilador-de-cuchillos-tijera-acero-mango\/#primaryimage"},"image":{"@id":"https:\/\/tienda.aurik3.com\/index.php\/producto\/afilador-de-cuchillos-tijera-acero-mango\/#primaryimage"},"thumbnailUrl":"https:\/\/tienda.aurik3.com\/wp-content\/uploads\/2026\/01\/1385223.png","datePublished":"2026-01-09T01:40:13+00:00","breadcrumb":{"@id":"https:\/\/tienda.aurik3.com\/index.php\/producto\/afilador-de-cuchillos-tijera-acero-mango\/#breadcrumb"},"inLanguage":"es","potentialAction":[{"@type":"ReadAction","target":["https:\/\/tienda.aurik3.com\/index.php\/producto\/afilador-de-cuchillos-tijera-acero-mango\/"]}]},{"@type":"ImageObject","inLanguage":"es","@id":"https:\/\/tienda.aurik3.com\/index.php\/producto\/afilador-de-cuchillos-tijera-acero-mango\/#primaryimage","url":"https:\/\/tienda.aurik3.com\/wp-content\/uploads\/2026\/01\/1385223.png","contentUrl":"https:\/\/tienda.aurik3.com\/wp-content\/uploads\/2026\/01\/1385223.png"},{"@type":"BreadcrumbList","@id":"https:\/\/tienda.aurik3.com\/index.php\/producto\/afilador-de-cuchillos-tijera-acero-mango\/#breadcrumb","itemListElement":[{"@type":"ListItem","position":1,"name":"Portada","item":"https:\/\/tienda.aurik3.com\/"},{"@type":"ListItem","position":2,"name":"Shop","item":"https:\/\/tienda.aurik3.com\/index.php\/shop\/"},{"@type":"ListItem","position":3,"name":"Afilador De Cuchillos Tijera Acero Mango"}]},{"@type":"WebSite","@id":"https:\/\/tienda.aurik3.com\/#website","url":"https:\/\/tienda.aurik3.com\/","name":"Aurik3 Tienda","description":"","publisher":{"@id":"https:\/\/tienda.aurik3.com\/#organization"},"potentialAction":[{"@type":"SearchAction","target":{"@type":"EntryPoint","urlTemplate":"https:\/\/tienda.aurik3.com\/?s={search_term_string}"},"query-input":{"@type":"PropertyValueSpecification","valueRequired":true,"valueName":"search_term_string"}}],"inLanguage":"es"},{"@type":"Organization","@id":"https:\/\/tienda.aurik3.com\/#organization","name":"Aurik3 Tienda","url":"https:\/\/tienda.aurik3.com\/","logo":{"@type":"ImageObject","inLanguage":"es","@id":"https:\/\/tienda.aurik3.com\/#\/schema\/logo\/image\/","url":"https:\/\/tienda.aurik3.com\/wp-content\/uploads\/2024\/10\/envo-one-logo.png","contentUrl":"https:\/\/tienda.aurik3.com\/wp-content\/uploads\/2024\/10\/envo-one-logo.png","width":122,"height":60,"caption":"Aurik3 Tienda"},"image":{"@id":"https:\/\/tienda.aurik3.com\/#\/schema\/logo\/image\/"}}]}},"jetpack_sharing_enabled":true,"_links":{"self":[{"href":"https:\/\/tienda.aurik3.com\/index.php\/wp-json\/wp\/v2\/product\/1129","targetHints":{"allow":["GET"]}}],"collection":[{"href":"https:\/\/tienda.aurik3.com\/index.php\/wp-json\/wp\/v2\/product"}],"about":[{"href":"https:\/\/tienda.aurik3.com\/index.php\/wp-json\/wp\/v2\/types\/product"}],"replies":[{"embeddable":true,"href":"https:\/\/tienda.aurik3.com\/index.php\/wp-json\/wp\/v2\/comments?post=1129"}],"wp:featuredmedia":[{"embeddable":true,"href":"https:\/\/tienda.aurik3.com\/index.php\/wp-json\/wp\/v2\/media\/1130"}],"wp:attachment":[{"href":"https:\/\/tienda.aurik3.com\/index.php\/wp-json\/wp\/v2\/media?parent=1129"}],"wp:term":[{"taxonomy":"product_brand","embeddable":true,"href":"https:\/\/tienda.aurik3.com\/index.php\/wp-json\/wp\/v2\/product_brand?post=1129"},{"taxonomy":"product_cat","embeddable":true,"href":"https:\/\/tienda.aurik3.com\/index.php\/wp-json\/wp\/v2\/product_cat?post=1129"},{"taxonomy":"product_tag","embeddable":true,"href":"https:\/\/tienda.aurik3.com\/index.php\/wp-json\/wp\/v2\/product_tag?post=1129"}],"curies":[{"name":"wp","href":"https:\/\/api.w.org\/{rel}","templated":true}]}}